{"id":3104,"date":"2022-02-18T21:54:10","date_gmt":"2022-02-18T20:54:10","guid":{"rendered":"https:\/\/drustvoekologa.me\/about-us\/"},"modified":"2022-02-18T21:54:10","modified_gmt":"2022-02-18T20:54:10","slug":"about-us","status":"publish","type":"page","link":"https:\/\/drustvoekologa.me\/en\/about-us\/","title":{"rendered":"About us"},"content":{"rendered":"\n<div class=\"wp-block-cover alignfull has-background-dim-60 has-background-dim\" style=\"background-color:#202714;min-height:480px\"><img loading=\"lazy\" width=\"1920\" height=\"1280\" class=\"wp-block-cover__image-background wp-image-1332\" alt=\"\" src=\"https:\/\/cde.emmust.com\/wp-content\/uploads\/2020\/07\/contact-bg.jpg\" data-object-fit=\"cover\" srcset=\"https:\/\/drustvoekologa.me\/wp-content\/uploads\/2020\/07\/contact-bg.jpg 1920w, https:\/\/drustvoekologa.me\/wp-content\/uploads\/2020\/07\/contact-bg-300x200.jpg 300w, https:\/\/drustvoekologa.me\/wp-content\/uploads\/2020\/07\/contact-bg-1024x683.jpg 1024w, https:\/\/drustvoekologa.me\/wp-content\/uploads\/2020\/07\/contact-bg-768x512.jpg 768w, https:\/\/drustvoekologa.me\/wp-content\/uploads\/2020\/07\/contact-bg-1536x1024.jpg 1536w\" sizes=\"(max-width: 1920px) 100vw, 1920px\" \/><div class=\"wp-block-cover__inner-container\">\n<h1 class=\"has-text-align-center has-white-color has-text-color\">About us<\/h1>\n<\/div><\/div>\n\n<div class=\"wp-container-69e7f22b82aa2 wp-block-group\"><div class=\"wp-block-group__inner-container\">\n<p class=\"text-align-justify\">Crnogorsko Dru\u0161tvo Ekologa je nezavisna i neprofitna organizacija civilnog dru\u0161tva osnovana 10. avgusta 2012. u Podgorici.<br\/><br\/>Svojim djelovanjem, Crnogorsko Dru\u0161tvo Ekologa te\u017ei da ponudi efikasni i efektivni model u rje\u0161avanju postoje\u0107ih izazova na polju o\u010duvanja i unaprije\u0111enja prirode i za\u0161tite \u017eivotne sredine. U tom kontekstu, organizacija u svom radu njeguje interdisciplinarni pristup u ovoj oblasti, koji omogu\u0107ava podizanje vrijednosti odnosno stalnu valorizaciju prirodnih potencijala, i primjenjuje principe odr\u017eivog razvoja.<br\/><br\/>Organizacija je otvorena za sve one koji \u017eele da daju svoj doprinos u oblasti za\u0161tite prirode i o\u010duvanja \u017eivotne sredine, kao i za sve istra\u017eiva\u010de iz oblasti prirodnih, tehni\u010dkih, dru\u0161tvenih i humanisti\u010dkih nauka, koji su zainteresovani da se u okviru svoje struke bave primijenjenom ekologijom. Ovakvim pristupom organizacija se, pored za\u0161tite prirode, bavi i predlaganjem opcija za rje\u0161avanje odre\u0111enih ekolo\u0161kih problema, a sa druge strane daje i prijedloge za socioekonomsku valorizaciju za\u0161ti\u0107enih podru\u010dja.<\/p>\n\n\n\n<h3>Vizija<\/h3>\n\n\n\n<p>Boomerang power of nature! <br\/>Ekolo\u0161ki zrelo dru\u0161tvo sposobno da valorizuje prirodne potencijale po\u0161tuju\u0107i i primjenjuju\u0107i principe odr\u017eivog razvoja.<br\/><\/p>\n\n\n\n<h3>Misija<\/h3>\n\n\n\n<p>Podsticanje kolektivne odgovornosti svih aktera u zajednici za smanjenje \u0161tetnih uticaja na \u017eivotnu sredinu i za realizaciju eko-programa koji doprinose svim aspektima odr\u017eivog razvoja \u2013 socijalnim, ekonomskim i ekolo\u0161kim.<\/p>\n<\/div><\/div>\n","protected":false},"excerpt":{"rendered":"<p>Crnogorsko Dru\u0161tvo Ekologa je nezavisna i neprofitna organizacija civilnog dru\u0161tva osnovana 10. avgusta 2012. u Podgorici. Svojim djelovanjem, Crnogorsko Dru\u0161tvo Ekologa te\u017ei da ponudi efikasni i efektivni model u rje\u0161avanju postoje\u0107ih izazova na polju o\u010duvanja i unaprije\u0111enja prirode i za\u0161tite \u017eivotne sredine. U tom kontekstu, organizacija u svom radu njeguje interdisciplinarni pristup u ovoj oblasti, &hellip;<\/p>\n<p class=\"read-more\"> <a class=\"\" href=\"https:\/\/drustvoekologa.me\/en\/about-us\/\"> <span class=\"screen-reader-text\">About us<\/span> Read More \u00bb<\/a><\/p>\n","protected":false},"author":1,"featured_media":0,"parent":0,"menu_order":0,"comment_status":"closed","ping_status":"closed","template":"","meta":{"site-sidebar-layout":"no-sidebar","site-content-layout":"plain-container","ast-main-header-display":"","ast-hfb-above-header-display":"","ast-hfb-below-header-display":"","ast-hfb-mobile-header-display":"","site-post-title":"disabled","ast-breadcrumbs-content":"","ast-featured-img":"disabled","footer-sml-layout":"","theme-transparent-header-meta":"enabled","adv-header-id-meta":"","stick-header-meta":"default","header-above-stick-meta":"","header-main-stick-meta":"","header-below-stick-meta":""},"acf":[],"uagb_featured_image_src":{"full":false,"thumbnail":false,"medium":false,"medium_large":false,"large":false,"1536x1536":false,"2048x2048":false},"uagb_author_info":{"display_name":"admin","author_link":"https:\/\/drustvoekologa.me\/en\/author\/admin\/"},"uagb_comment_info":0,"uagb_excerpt":"Crnogorsko Dru\u0161tvo Ekologa je nezavisna i neprofitna organizacija civilnog dru\u0161tva osnovana 10. avgusta 2012. u Podgorici. Svojim djelovanjem, Crnogorsko Dru\u0161tvo Ekologa te\u017ei da ponudi efikasni i efektivni model u rje\u0161avanju postoje\u0107ih izazova na polju o\u010duvanja i unaprije\u0111enja prirode i za\u0161tite \u017eivotne sredine. U tom kontekstu, organizacija u svom radu njeguje interdisciplinarni pristup u ovoj oblasti,&hellip;","_links":{"self":[{"href":"https:\/\/drustvoekologa.me\/en\/wp-json\/wp\/v2\/pages\/3104"}],"collection":[{"href":"https:\/\/drustvoekologa.me\/en\/wp-json\/wp\/v2\/pages"}],"about":[{"href":"https:\/\/drustvoekologa.me\/en\/wp-json\/wp\/v2\/types\/page"}],"author":[{"embeddable":true,"href":"https:\/\/drustvoekologa.me\/en\/wp-json\/wp\/v2\/users\/1"}],"replies":[{"embeddable":true,"href":"https:\/\/drustvoekologa.me\/en\/wp-json\/wp\/v2\/comments?post=3104"}],"version-history":[{"count":1,"href":"https:\/\/drustvoekologa.me\/en\/wp-json\/wp\/v2\/pages\/3104\/revisions"}],"predecessor-version":[{"id":3105,"href":"https:\/\/drustvoekologa.me\/en\/wp-json\/wp\/v2\/pages\/3104\/revisions\/3105"}],"wp:attachment":[{"href":"https:\/\/drustvoekologa.me\/en\/wp-json\/wp\/v2\/media?parent=3104"}],"curies":[{"name":"wp","href":"https:\/\/api.w.org\/{rel}","templated":true}]}}